{"id":904,"date":"2025-05-19T10:40:16","date_gmt":"2025-05-19T10:40:16","guid":{"rendered":"https:\/\/mopland.fcsh.unl.pt\/?page_id=904"},"modified":"2025-05-21T09:24:39","modified_gmt":"2025-05-21T09:24:39","slug":"parceria-rede-de-biblioteca-escolares-mopland-cics-nova","status":"publish","type":"page","link":"https:\/\/mopland.fcsh.unl.pt\/pt\/parceria-rede-de-biblioteca-escolares-mopland-cics-nova\/","title":{"rendered":"Parceria Cientificamente Prov\u00e1vel - Rede de Bibliotecas Escolares e CICS.NOVA"},"content":{"rendered":"<div class=\"wp-block-group alignfull has-global-padding is-layout-constrained wp-container-core-group-is-layout-d89aad35 wp-block-group-is-layout-constrained\" style=\"margin-top:0;margin-bottom:0;padding-top:var(--wp--preset--spacing--50);padding-right:var(--wp--preset--spacing--50);padding-bottom:var(--wp--preset--spacing--50);padding-left:var(--wp--preset--spacing--50)\">\n<div class=\"wp-block-query is-layout-flow wp-block-query-is-layout-flow\">\n<div class=\"wp-block-group alignwide has-global-padding is-layout-constrained wp-container-core-group-is-layout-72190d31 wp-block-group-is-layout-constrained\" style=\"margin-top:0;margin-bottom:0;padding-top:0;padding-right:0;padding-bottom:0;padding-left:0\">\n\n\n<div style=\"height:21px\" aria-hidden=\"true\" class=\"wp-block-spacer\"><\/div>\n\n\n\n<p class=\"translation-block\">No \u00e2mbito da parceria com a <strong><a href=\"https:\/\/www.rbe.mec.pt\/np4\/home.html\" target=\"_self\">Rede de Bibliotecas Escolares<\/a><\/strong>, o <strong><a href=\"https:\/\/www.cics.nova.fcsh.unl.pt\/\" target=\"_self\">CICS.NOVA<\/a><\/strong> participou na 7.\u00aa edi\u00e7\u00e3o do programa <a href=\"https:\/\/www.rbe.mec.pt\/np4\/CientificamenteProvavel.html\" target=\"_self\">Cientificamente Prov\u00e1vel<\/a>, uma iniciativa do Minist\u00e9rio da Educa\u00e7\u00e3o, Ci\u00eancia e Inova\u00e7\u00e3o, que visa enriquecer os percursos educativos dos jovens, proporcionando-lhes o contacto com investigadores e pr\u00e1ticas de investiga\u00e7\u00e3o acad\u00e9mica e cient\u00edfica.<\/p>\n\n\n\n<p class=\"translation-block\">No dia <strong>30 de abril de 2025<\/strong>, decorreram sess\u00f5es coordenadas pela equipa de investiga\u00e7\u00e3o do <strong>projeto MOPLAND<\/strong>, envolvendo 86 alunos dos 2.\u00ba e 4.\u00ba anos do 1.\u00ba Ciclo do Ensino B\u00e1sico no <strong>Agrupamento de Escolas Leal da C\u00e2mara, Sintra<\/strong>. Estas sess\u00f5es tiveram como objetivo despertar o interesse dos alunos pela Geografia e Sociologia, atrav\u00e9s da partilha dos percursos acad\u00e9micos, cient\u00edficos e profissionais dos investigadores do MOPLAND e da realiza\u00e7\u00e3o de atividades de an\u00e1lise e visualiza\u00e7\u00e3o espacial, promovendo o desenvolvimento da cogni\u00e7\u00e3o espacial no Ensino B\u00e1sico.<\/p>\n\n\n\n<p class=\"translation-block\">Ao integrar estas atividades na sua linha de investiga\u00e7\u00e3o, o MOPLAND pretende sensibilizar os mais jovens para a import\u00e2ncia do Ordenamento e Planeamento do Territ\u00f3rio e da gest\u00e3o do uso do solo como recurso estrat\u00e9gico, assim como, fomentar uma consci\u00eancia cr\u00edtica sobre o papel que podem desempenhar, desde cedo, na constru\u00e7\u00e3o de futuros mais sustent\u00e1veis, justos e partilhados.<\/p>\n\n\n\n<p class=\"translation-block\">Agradecemos, com especial reconhecimento, \u00e0 Professora Bibliotec\u00e1ria Cec\u00edlia Guerra, promotora da iniciativa no Agrupamento de Escolas Leal da C\u00e2mara (Rio de Mouro, Sintra), bem como aos professores titulares das turmas, cujo envolvimento ativo e generoso tornou esta experi\u00eancia verdadeiramente significativa.\n\n<br><br>Programa Realizado:<\/p>\n\n\n\n<p class=\"translation-block\"><strong>10h00: Apresenta\u00e7\u00e3o \u2013 O Contributo das Ci\u00eancias Sociais <\/strong><br>\n\nPartilha dos percursos acad\u00e9micos, cient\u00edficos e profissionais da equipa de investiga\u00e7\u00e3o do MOPLAND:<\/p>\n\n\n\n<ul class=\"wp-block-list\">\n<li class=\"translation-block\">- Doutora Raquel Faria de Deus, Ge\u00f3grafa, Investigadora Principal do projeto MOPLAND, CICS.NOVA, NOVA FCSH\/UNL.<\/li>\n\n\n\n<li class=\"translation-block\">- Carolina Coelho, Ge\u00f3grafa, Bolseira de Investiga\u00e7\u00e3o do projeto MOPLAND, CICS.NOVA, NOVA FCSH\/UNL.<\/li>\n\n\n\n<li class=\"translation-block\">- Ricardo Teixeira, Ci\u00eancias Sociais e minor em Sociologia, Bolseiro de Investiga\u00e7\u00e3o do projeto MOPLAND, CICS.NOVA, NOVA FCSH\/UNL.<\/li>\n<\/ul>\n\n\n\n<p class=\"translation-block\"><strong>10:15  \u2013 Apresenta\u00e7\u00e3o do projeto MOPLAND<\/strong><br><br>Explica\u00e7\u00e3o sobre o que \u00e9 a modela\u00e7\u00e3o espacial e a import\u00e2ncia para prever o futuro dos territ\u00f3rios. Apresenta\u00e7\u00e3o de uma aplica\u00e7\u00e3o WebSIG e a sua relev\u00e2ncia  para o apoio \u00e0 decis\u00e3o. Visualiza\u00e7\u00e3o interativa das transforma\u00e7\u00f5es de uso e ocupa\u00e7\u00e3o do solo ao longo do tempo no contexto portugu\u00eas.\n<br><\/p>\n\n\n\n<p><strong>10h45: Sess\u00f5es participativas com os Alunos<\/strong><\/p>\n\n\n\n<ul class=\"wp-block-list\">\n<li>- Compreender a relatividade da representa\u00e7\u00e3o do territ\u00f3rio a partir do desenho de mapas mentais: identificar pontos de interesse a partir de um mapa 2D da Vila de Sintra com base na legenda apresentada;<\/li>\n\n\n\n<li class=\"translation-block\">- Atividade com \u201cTerrit\u00f3riosc\u00f3pio\u201d: artefacto de observa\u00e7\u00e3o participativa  que transforma a observa\u00e7\u00e3o urbana numa experi\u00eancia criativa de descoberta para crian\u00e7as e jovens.<\/li>\n<\/ul>\n\n\n\n<p><strong>11h30: Encerramento da Sess\u00e3o<\/strong><br><\/p>\n\n\n\n<figure class=\"wp-block-image size-large\"><img loading=\"lazy\" decoding=\"async\" width=\"1024\" height=\"819\" src=\"https:\/\/mopland.fcsh.unl.pt\/wp-content\/uploads\/2025\/05\/MOPLAND_CICS_RBE_2-1-1024x819.png\" alt=\"\" class=\"wp-image-901\" srcset=\"https:\/\/mopland.fcsh.unl.pt\/wp-content\/uploads\/2025\/05\/MOPLAND_CICS_RBE_2-1-1024x819.png 1024w, https:\/\/mopland.fcsh.unl.pt\/wp-content\/uploads\/2025\/05\/MOPLAND_CICS_RBE_2-1-300x240.png 300w, https:\/\/mopland.fcsh.unl.pt\/wp-content\/uploads\/2025\/05\/MOPLAND_CICS_RBE_2-1-768x614.png 768w, https:\/\/mopland.fcsh.unl.pt\/wp-content\/uploads\/2025\/05\/MOPLAND_CICS_RBE_2-1-1536x1229.png 1536w, https:\/\/mopland.fcsh.unl.pt\/wp-content\/uploads\/2025\/05\/MOPLAND_CICS_RBE_2-1-15x12.png 15w, https:\/\/mopland.fcsh.unl.pt\/wp-content\/uploads\/2025\/05\/MOPLAND_CICS_RBE_2-1.png 2000w\" sizes=\"auto, (max-width: 1024px) 100vw, 1024px\" \/><\/figure>\n\n\n\n<p><\/p>\n<\/div>\n<\/div>\n<\/div>","protected":false},"excerpt":{"rendered":"","protected":false},"author":1,"featured_media":0,"parent":0,"menu_order":0,"comment_status":"closed","ping_status":"closed","template":"","meta":{"ngg_post_thumbnail":0,"footnotes":""},"class_list":["post-904","page","type-page","status-publish","hentry"],"yoast_head":"<!-- This site is optimized with the Yoast SEO plugin v25.8 - https:\/\/yoast.com\/wordpress\/plugins\/seo\/ -->\n<title>Parceria Cientificamente Prov\u00e1vel - Rede de Biblioteca Escolares<\/title>\n<meta name=\"description\" content=\"Sess\u00f5es tiveram como objetivo despertar o interesse dos alunos pela Geografia e Sociologia, atrav\u00e9s da partilha dos percursos acad\u00e9micos, cient\u00edficos e profissionais dos investigadores do MOPLAND e da realiza\u00e7\u00e3o de atividades de an\u00e1lise e visualiza\u00e7\u00e3o espacial, promovendo o desenvolvimento da cogni\u00e7\u00e3o espacial no Ensino B\u00e1sico.\" \/>\n<meta name=\"robots\" content=\"index, follow, max-snippet:-1, max-image-preview:large, max-video-preview:-1\" \/>\n<link rel=\"canonical\" href=\"https:\/\/mopland.fcsh.unl.pt\/pt\/parceria-rede-de-biblioteca-escolares-mopland-cics-nova\/\" \/>\n<meta property=\"og:locale\" content=\"pt_PT\" \/>\n<meta property=\"og:type\" content=\"article\" \/>\n<meta property=\"og:title\" content=\"Parceria Cientificamente Prov\u00e1vel - Rede de Biblioteca Escolares\" \/>\n<meta property=\"og:description\" content=\"Sess\u00f5es tiveram como objetivo despertar o interesse dos alunos pela Geografia e Sociologia, atrav\u00e9s da partilha dos percursos acad\u00e9micos, cient\u00edficos e profissionais dos investigadores do MOPLAND e da realiza\u00e7\u00e3o de atividades de an\u00e1lise e visualiza\u00e7\u00e3o espacial, promovendo o desenvolvimento da cogni\u00e7\u00e3o espacial no Ensino B\u00e1sico.\" \/>\n<meta property=\"og:url\" content=\"https:\/\/mopland.fcsh.unl.pt\/pt\/parceria-rede-de-biblioteca-escolares-mopland-cics-nova\/\" \/>\n<meta property=\"og:site_name\" content=\"MOPLAND\" \/>\n<meta property=\"article:modified_time\" content=\"2025-05-21T09:24:39+00:00\" \/>\n<meta property=\"og:image\" content=\"https:\/\/mopland.fcsh.unl.pt\/wp-content\/uploads\/2025\/01\/Convite_zoom_2.jpg\" \/>\n<meta name=\"twitter:card\" content=\"summary_large_image\" \/>\n<meta name=\"twitter:label1\" content=\"Tempo estimado de leitura\" \/>\n\t<meta name=\"twitter:data1\" content=\"3 minutos\" \/>\n<script type=\"application\/ld+json\" class=\"yoast-schema-graph\">{\"@context\":\"https:\/\/schema.org\",\"@graph\":[{\"@type\":\"WebPage\",\"@id\":\"https:\/\/mopland.fcsh.unl.pt\/parceria-rede-de-biblioteca-escolares-mopland-cics-nova\/\",\"url\":\"https:\/\/mopland.fcsh.unl.pt\/parceria-rede-de-biblioteca-escolares-mopland-cics-nova\/\",\"name\":\"Parceria Cientificamente Prov\u00e1vel - Rede de Biblioteca Escolares\",\"isPartOf\":{\"@id\":\"https:\/\/mopland.fcsh.unl.pt\/#website\"},\"primaryImageOfPage\":{\"@id\":\"https:\/\/mopland.fcsh.unl.pt\/parceria-rede-de-biblioteca-escolares-mopland-cics-nova\/#primaryimage\"},\"image\":{\"@id\":\"https:\/\/mopland.fcsh.unl.pt\/parceria-rede-de-biblioteca-escolares-mopland-cics-nova\/#primaryimage\"},\"thumbnailUrl\":\"https:\/\/mopland.fcsh.unl.pt\/wp-content\/uploads\/2025\/01\/Convite_zoom_2.jpg\",\"datePublished\":\"2025-05-19T10:40:16+00:00\",\"dateModified\":\"2025-05-21T09:24:39+00:00\",\"description\":\"Sess\u00f5es tiveram como objetivo despertar o interesse dos alunos pela Geografia e Sociologia, atrav\u00e9s da partilha dos percursos acad\u00e9micos, cient\u00edficos e profissionais dos investigadores do MOPLAND e da realiza\u00e7\u00e3o de atividades de an\u00e1lise e visualiza\u00e7\u00e3o espacial, promovendo o desenvolvimento da cogni\u00e7\u00e3o espacial no Ensino B\u00e1sico.\",\"breadcrumb\":{\"@id\":\"https:\/\/mopland.fcsh.unl.pt\/parceria-rede-de-biblioteca-escolares-mopland-cics-nova\/#breadcrumb\"},\"inLanguage\":\"pt-PT\",\"potentialAction\":[{\"@type\":\"ReadAction\",\"target\":[\"https:\/\/mopland.fcsh.unl.pt\/parceria-rede-de-biblioteca-escolares-mopland-cics-nova\/\"]}]},{\"@type\":\"ImageObject\",\"inLanguage\":\"pt-PT\",\"@id\":\"https:\/\/mopland.fcsh.unl.pt\/parceria-rede-de-biblioteca-escolares-mopland-cics-nova\/#primaryimage\",\"url\":\"https:\/\/mopland.fcsh.unl.pt\/wp-content\/uploads\/2025\/01\/Convite_zoom_2.jpg\",\"contentUrl\":\"https:\/\/mopland.fcsh.unl.pt\/wp-content\/uploads\/2025\/01\/Convite_zoom_2.jpg\"},{\"@type\":\"BreadcrumbList\",\"@id\":\"https:\/\/mopland.fcsh.unl.pt\/parceria-rede-de-biblioteca-escolares-mopland-cics-nova\/#breadcrumb\",\"itemListElement\":[{\"@type\":\"ListItem\",\"position\":1,\"name\":\"In\u00edcio\",\"item\":\"https:\/\/mopland.fcsh.unl.pt\/\"},{\"@type\":\"ListItem\",\"position\":2,\"name\":\"Partnership &#8220;Cientificamente Prov\u00e1vel &#8211; Rede de Bibliotecas Escolares&#8221; and CICS.NOVA\"}]},{\"@type\":\"WebSite\",\"@id\":\"https:\/\/mopland.fcsh.unl.pt\/#website\",\"url\":\"https:\/\/mopland.fcsh.unl.pt\/\",\"name\":\"MOPLAND\",\"description\":\"A Co-construction Conceptual Model for Participatory Land-Use Modelling in Spatial Planning\",\"publisher\":{\"@id\":\"https:\/\/mopland.fcsh.unl.pt\/#organization\"},\"alternateName\":\"MOPLAND\",\"potentialAction\":[{\"@type\":\"SearchAction\",\"target\":{\"@type\":\"EntryPoint\",\"urlTemplate\":\"https:\/\/mopland.fcsh.unl.pt\/?s={search_term_string}\"},\"query-input\":{\"@type\":\"PropertyValueSpecification\",\"valueRequired\":true,\"valueName\":\"search_term_string\"}}],\"inLanguage\":\"pt-PT\"},{\"@type\":\"Organization\",\"@id\":\"https:\/\/mopland.fcsh.unl.pt\/#organization\",\"name\":\"MOPLAND - A Co-construction Conceptual Model for Participatory Land-Use Modelling in Spatial Planning\",\"alternateName\":\"MOPLAND\",\"url\":\"https:\/\/mopland.fcsh.unl.pt\/\",\"logo\":{\"@type\":\"ImageObject\",\"inLanguage\":\"pt-PT\",\"@id\":\"https:\/\/mopland.fcsh.unl.pt\/#\/schema\/logo\/image\/\",\"url\":\"https:\/\/mopland.fcsh.unl.pt\/wp-content\/uploads\/2024\/06\/MOPLAND.png\",\"contentUrl\":\"https:\/\/mopland.fcsh.unl.pt\/wp-content\/uploads\/2024\/06\/MOPLAND.png\",\"width\":281,\"height\":52,\"caption\":\"MOPLAND - A Co-construction Conceptual Model for Participatory Land-Use Modelling in Spatial Planning\"},\"image\":{\"@id\":\"https:\/\/mopland.fcsh.unl.pt\/#\/schema\/logo\/image\/\"}}]}<\/script>\n<!-- \/ Yoast SEO plugin. -->","yoast_head_json":{"title":"Parceria Cientificamente Prov\u00e1vel - Rede de Biblioteca Escolares","description":"Sess\u00f5es tiveram como objetivo despertar o interesse dos alunos pela Geografia e Sociologia, atrav\u00e9s da partilha dos percursos acad\u00e9micos, cient\u00edficos e profissionais dos investigadores do MOPLAND e da realiza\u00e7\u00e3o de atividades de an\u00e1lise e visualiza\u00e7\u00e3o espacial, promovendo o desenvolvimento da cogni\u00e7\u00e3o espacial no Ensino B\u00e1sico.","robots":{"index":"index","follow":"follow","max-snippet":"max-snippet:-1","max-image-preview":"max-image-preview:large","max-video-preview":"max-video-preview:-1"},"canonical":"https:\/\/mopland.fcsh.unl.pt\/pt\/parceria-rede-de-biblioteca-escolares-mopland-cics-nova\/","og_locale":"pt_PT","og_type":"article","og_title":"Parceria Cientificamente Prov\u00e1vel - Rede de Biblioteca Escolares","og_description":"Sess\u00f5es tiveram como objetivo despertar o interesse dos alunos pela Geografia e Sociologia, atrav\u00e9s da partilha dos percursos acad\u00e9micos, cient\u00edficos e profissionais dos investigadores do MOPLAND e da realiza\u00e7\u00e3o de atividades de an\u00e1lise e visualiza\u00e7\u00e3o espacial, promovendo o desenvolvimento da cogni\u00e7\u00e3o espacial no Ensino B\u00e1sico.","og_url":"https:\/\/mopland.fcsh.unl.pt\/pt\/parceria-rede-de-biblioteca-escolares-mopland-cics-nova\/","og_site_name":"MOPLAND","article_modified_time":"2025-05-21T09:24:39+00:00","og_image":[{"url":"https:\/\/mopland.fcsh.unl.pt\/wp-content\/uploads\/2025\/01\/Convite_zoom_2.jpg","type":"","width":"","height":""}],"twitter_card":"summary_large_image","twitter_misc":{"Tempo estimado de leitura":"3 minutos"},"schema":{"@context":"https:\/\/schema.org","@graph":[{"@type":"WebPage","@id":"https:\/\/mopland.fcsh.unl.pt\/parceria-rede-de-biblioteca-escolares-mopland-cics-nova\/","url":"https:\/\/mopland.fcsh.unl.pt\/parceria-rede-de-biblioteca-escolares-mopland-cics-nova\/","name":"Parceria Cientificamente Prov\u00e1vel - Rede de Biblioteca Escolares","isPartOf":{"@id":"https:\/\/mopland.fcsh.unl.pt\/#website"},"primaryImageOfPage":{"@id":"https:\/\/mopland.fcsh.unl.pt\/parceria-rede-de-biblioteca-escolares-mopland-cics-nova\/#primaryimage"},"image":{"@id":"https:\/\/mopland.fcsh.unl.pt\/parceria-rede-de-biblioteca-escolares-mopland-cics-nova\/#primaryimage"},"thumbnailUrl":"https:\/\/mopland.fcsh.unl.pt\/wp-content\/uploads\/2025\/01\/Convite_zoom_2.jpg","datePublished":"2025-05-19T10:40:16+00:00","dateModified":"2025-05-21T09:24:39+00:00","description":"Sess\u00f5es tiveram como objetivo despertar o interesse dos alunos pela Geografia e Sociologia, atrav\u00e9s da partilha dos percursos acad\u00e9micos, cient\u00edficos e profissionais dos investigadores do MOPLAND e da realiza\u00e7\u00e3o de atividades de an\u00e1lise e visualiza\u00e7\u00e3o espacial, promovendo o desenvolvimento da cogni\u00e7\u00e3o espacial no Ensino B\u00e1sico.","breadcrumb":{"@id":"https:\/\/mopland.fcsh.unl.pt\/parceria-rede-de-biblioteca-escolares-mopland-cics-nova\/#breadcrumb"},"inLanguage":"pt-PT","potentialAction":[{"@type":"ReadAction","target":["https:\/\/mopland.fcsh.unl.pt\/parceria-rede-de-biblioteca-escolares-mopland-cics-nova\/"]}]},{"@type":"ImageObject","inLanguage":"pt-PT","@id":"https:\/\/mopland.fcsh.unl.pt\/parceria-rede-de-biblioteca-escolares-mopland-cics-nova\/#primaryimage","url":"https:\/\/mopland.fcsh.unl.pt\/wp-content\/uploads\/2025\/01\/Convite_zoom_2.jpg","contentUrl":"https:\/\/mopland.fcsh.unl.pt\/wp-content\/uploads\/2025\/01\/Convite_zoom_2.jpg"},{"@type":"BreadcrumbList","@id":"https:\/\/mopland.fcsh.unl.pt\/parceria-rede-de-biblioteca-escolares-mopland-cics-nova\/#breadcrumb","itemListElement":[{"@type":"ListItem","position":1,"name":"In\u00edcio","item":"https:\/\/mopland.fcsh.unl.pt\/"},{"@type":"ListItem","position":2,"name":"Partnership &#8220;Cientificamente Prov\u00e1vel &#8211; Rede de Bibliotecas Escolares&#8221; and CICS.NOVA"}]},{"@type":"WebSite","@id":"https:\/\/mopland.fcsh.unl.pt\/#website","url":"https:\/\/mopland.fcsh.unl.pt\/","name":"MOPLAND","description":"Co-constru\u00e7\u00e3o de um modelo conceptual para a Modela\u00e7\u00e3o Participativa de Uso do Solo aplicada ao Ordenamento do Territ\u00f3rio","publisher":{"@id":"https:\/\/mopland.fcsh.unl.pt\/#organization"},"alternateName":"MOPLAND","potentialAction":[{"@type":"SearchAction","target":{"@type":"EntryPoint","urlTemplate":"https:\/\/mopland.fcsh.unl.pt\/?s={search_term_string}"},"query-input":{"@type":"PropertyValueSpecification","valueRequired":true,"valueName":"search_term_string"}}],"inLanguage":"pt-PT"},{"@type":"Organization","@id":"https:\/\/mopland.fcsh.unl.pt\/#organization","name":"MOPLAND - A Co-construction Conceptual Model for Participatory Land-Use Modelling in Spatial Planning","alternateName":"MOPLAND","url":"https:\/\/mopland.fcsh.unl.pt\/","logo":{"@type":"ImageObject","inLanguage":"pt-PT","@id":"https:\/\/mopland.fcsh.unl.pt\/#\/schema\/logo\/image\/","url":"https:\/\/mopland.fcsh.unl.pt\/wp-content\/uploads\/2024\/06\/MOPLAND.png","contentUrl":"https:\/\/mopland.fcsh.unl.pt\/wp-content\/uploads\/2024\/06\/MOPLAND.png","width":281,"height":52,"caption":"MOPLAND - A Co-construction Conceptual Model for Participatory Land-Use Modelling in Spatial Planning"},"image":{"@id":"https:\/\/mopland.fcsh.unl.pt\/#\/schema\/logo\/image\/"}}]}},"_links":{"self":[{"href":"https:\/\/mopland.fcsh.unl.pt\/pt\/wp-json\/wp\/v2\/pages\/904","targetHints":{"allow":["GET"]}}],"collection":[{"href":"https:\/\/mopland.fcsh.unl.pt\/pt\/wp-json\/wp\/v2\/pages"}],"about":[{"href":"https:\/\/mopland.fcsh.unl.pt\/pt\/wp-json\/wp\/v2\/types\/page"}],"author":[{"embeddable":true,"href":"https:\/\/mopland.fcsh.unl.pt\/pt\/wp-json\/wp\/v2\/users\/1"}],"replies":[{"embeddable":true,"href":"https:\/\/mopland.fcsh.unl.pt\/pt\/wp-json\/wp\/v2\/comments?post=904"}],"version-history":[{"count":8,"href":"https:\/\/mopland.fcsh.unl.pt\/pt\/wp-json\/wp\/v2\/pages\/904\/revisions"}],"predecessor-version":[{"id":978,"href":"https:\/\/mopland.fcsh.unl.pt\/pt\/wp-json\/wp\/v2\/pages\/904\/revisions\/978"}],"wp:attachment":[{"href":"https:\/\/mopland.fcsh.unl.pt\/pt\/wp-json\/wp\/v2\/media?parent=904"}],"curies":[{"name":"wp","href":"https:\/\/api.w.org\/{rel}","templated":true}]}}